{"id":14854,"date":"2022-04-12T12:55:59","date_gmt":"2022-04-12T11:55:59","guid":{"rendered":"https:\/\/k52mhucbgfd.preview.infomaniak.website\/?page_id=14854"},"modified":"2025-11-26T18:18:21","modified_gmt":"2025-11-26T17:18:21","slug":"rewilding-tours","status":"publish","type":"page","link":"https:\/\/wildlifeportugal.pt\/en\/rewilding-tours\/","title":{"rendered":"Rewilding tours"},"content":{"rendered":"<div class=\"wpb-content-wrapper\"><p>[vc_row][vc_column][vc_empty_space][vc_column_text css=&#8221;&#8221;]<\/p>\n<h4><span style=\"font-family: arial, helvetica, sans-serif;\"><strong>What is Rewilding?<\/strong><\/span><\/h4>\n<blockquote><p><span style=\"font-family: arial, helvetica, sans-serif; font-size: 16px;\">Rewilding is a progressive approach to conservation. It\u2019s about letting nature take care of itself, enabling natural processes to shape land and sea, repair damaged ecosystems and restore degraded landscapes. Through rewilding, wildlife\u2019s natural rhythms create wilder, more biodiverse habitats.<\/span><\/p>\n<p style=\"text-align: left; padding-left: 40px;\"><span style=\"font-family: arial, helvetica, sans-serif; font-size: 16px;\"><em>Rewilding Europe<\/em><\/span><\/p>\n<\/blockquote>\n<p>&nbsp;<\/p>\n<p><span style=\"font-family: arial, helvetica, sans-serif; font-size: 16px;\">Rewilding is allowing nature the space and time it needs to recover and thrive, without major human intervention. However, it is necessary to understand what may be missing from the landscape (key species, natural processes) and restore some of those missing pieces in order to give nature a boost and speed up its recovery. On our rewilding tours, you will be abble to understand this processes.&nbsp;<\/span><\/p>\n<p>&nbsp;[\/vc_column_text][\/vc_column][\/vc_row][vc_row][vc_column width=&#8221;5\/6&#8243;][vc_empty_space][vc_column_text css=&#8221;&#8221;]<\/p>\n<h4><span style=\"font-family: arial, helvetica, sans-serif;\"><strong>Rewilding in the Greater C\u00f4a Valley &#8211; where nature returns<\/strong><\/span><\/h4>\n<p><span style=\"font-family: arial, helvetica, sans-serif; font-size: 16px;\">In parallel with the incredible natural values of the region, the Greater C\u00f4a Valley represents a unique opportunity to apply the principles of rewilding in the region due to the high levels of rural abandonment.<\/span><\/p>\n<p>&nbsp;<\/p>\n<p><span style=\"font-family: arial, helvetica, sans-serif; font-size: 16px;\">This opportunity can be exploited by taking a large-scale perspective of the landscape, working to improve connectivity between natural areas and, at the same time, supporting sustainable business models in the region that can stimulate local economies and bring additional value to communities in the area. <a href=\"https:\/\/rewilding-portugal.com\/\" target=\"_blank\" rel=\"noopener\">Rewilding Portugal<\/a> is managing 3 areas in the Greater C\u00f4a Valley, under the conservation principles of rewilding.&nbsp;<\/span><\/p>\n<p><span style=\"font-family: arial, helvetica, sans-serif; font-size: 16px;\">Our Rewilding tours include the visit to the Greater C\u00f4a Valley and the rewilding areas.&nbsp;<\/span><\/p>\n<p>&nbsp;[\/vc_column_text][vc_empty_space][\/vc_column][vc_column width=&#8221;1\/6&#8243;][vc_empty_space height=&#8221;50px&#8221;][vc_single_image image=&#8221;14570&#8243; alignment=&#8221;right&#8221; css=&#8221;&#8221;][\/vc_column][\/vc_row][vc_row][vc_column][vc_custom_heading text=&#8221;Rewilding areas&#8221; font_container=&#8221;tag:h2|text_align:center|color:%23FFFFFF&#8221; use_theme_fonts=&#8221;yes&#8221; css=&#8221;.vc_custom_1738148590062{background-color: #DD9933 !important;}&#8221;][\/vc_column][\/vc_row][vc_row][vc_column][vc_empty_space][vc_custom_heading text=&#8221;Vale Carapito&#8221; font_container=&#8221;tag:h3|text_align:left|color:%2359d600&#8243; use_theme_fonts=&#8221;yes&#8221;][vc_column_text css=&#8221;&#8221;]<span style=\"font-family: arial, helvetica, sans-serif; font-size: 16px;\">is located near Vilar Maior, a village with medieval features, on the central part of Portugal and close to Spain.<\/span><br \/>\n<span style=\"font-family: arial, helvetica, sans-serif; font-size: 16px;\">Crossed by the Cesar\u00e3o River, a small tributary of the C\u00f4a River, this valley contains natural values characteristic of the territory. The riverside gallery of ash trees runs through meadows where some cattle and Roe Deer still graze. The slopes are covered with Pyrenean Oak woods. Along the way, countless species of birds can be seen; dragonflies and Mediterranean terrapins take refuge in the aquatic corridor and various species of butterflies hover over the flowering meadows.<\/span><br \/>\n<span style=\"font-family: arial, helvetica, sans-serif; font-size: 16px;\">Complementing the rich natural heritage, there is the history and built heritage of Vilar Maior, with the 13th century castle standing out from its highest point.<\/span><\/p>\n<p>&nbsp;[\/vc_column_text][vc_single_image image=&#8221;14830&#8243; img_size=&#8221;full&#8221; add_caption=&#8221;yes&#8221; alignment=&#8221;center&#8221; style=&#8221;vc_box_shadow_border&#8221; onclick=&#8221;custom_link&#8221; css=&#8221;&#8221; link=&#8221;https:\/\/k52mhucbgfd.preview.infomaniak.website\/en\/hiking\/vale-carapito-rewilding-history\/&#8221;][\/vc_column][\/vc_row][vc_row][vc_column][vc_empty_space height=&#8221;40px&#8221;][vc_custom_heading text=&#8221;Ermo das \u00c1guias&#8221; font_container=&#8221;tag:h3|text_align:left|color:%2359d600&#8243; use_theme_fonts=&#8221;yes&#8221;][vc_column_text css=&#8221;&#8221;]<span style=\"font-family: arial, helvetica, sans-serif; font-size: 16px;\">Currently with an area of around 1000ha, Ermo das \u00c1guias is located roughly in the middle section of the C\u00f4a River, on a steep slope of the left bank, where the landscape of the river valley is marked by crags and rough scarps. The opposite slope, however, shows a significant Cork Oak (<em>Quercus suber<\/em>) area.<\/span><\/p>\n<p><span style=\"font-family: arial, helvetica, sans-serif; font-size: 16px;\">Despite a past of intense soil use, the process of renaturalisation of the Pyrenean Oak (<em>Quercus pyrenaica<\/em>) woods and the association with holm-oaks and cork-oaks is already evident. The meadows are gradually recovering their floristic diversity, which is attracting greater numbers of insects, rabbits and partridges.<\/span><\/p>\n<p><span style=\"font-family: arial, helvetica, sans-serif; font-size: 16px;\">With a long history of recurrent fires and intensive grazing, a small herd of the rare <strong>Sorraia<\/strong> horse was here introduced, among with some <a href=\"https:\/\/rewildingeurope.com\/rew-project\/taurus-foundation\/\" target=\"_blank\" rel=\"noopener\">Taurus<\/a>. These large herbivores will promote a more sustainable grazing of the vegetation and contribute to the balance of the natural systems, creating a mosaic of habitats that reduces the risk of fire and supports small herbivore populations.&nbsp;<\/span><\/p>\n<p>&nbsp;[\/vc_column_text][vc_single_image image=&#8221;14918&#8243; img_size=&#8221;full&#8221; add_caption=&#8221;yes&#8221; alignment=&#8221;center&#8221; style=&#8221;vc_box_shadow_border&#8221; css=&#8221;&#8221;][\/vc_column][\/vc_row][vc_row][vc_column][vc_empty_space height=&#8221;40px&#8221;][vc_custom_heading text=&#8221;Paul de Toir\u00f5es&#8221; font_container=&#8221;tag:h3|text_align:left|color:%2359d600&#8243; use_theme_fonts=&#8221;yes&#8221;][vc_column_text css=&#8221;&#8221;]<span style=\"font-family: arial, helvetica, sans-serif; font-size: 16px;\">is located on the Beira plateau near the Spanish border and is a key area for landscape connectivity in the Greater C\u00f4a Valley, a corridor and refuge for wildlife. Paul de Toir\u00f5es was an old mining exploitation, however, ceased more than a decade ago. Fed by the stream of Tour\u00f5es, it formed one of the largest water surfaces in the whole C\u00f4a Valley, being distributed in a great diversity of environments such as ponds, channels, permanent and temporary ponds. These are interconnected by seasonally flooded wetlands and full of aquatic and riparian vegetation that grows over the old tungsten and inerts extraction areas. Around all this water, there is an abundance of willow woods, some areas of reed beds, as well as a young but extensive forest, mainly composed of Pyrenean Oak (<em>Quercus pyrenaica<\/em>) and Holm Oak (<em>Quercus rotundifolia<\/em>).<\/span><\/p>\n<p>&nbsp;[\/vc_column_text][vc_single_image image=&#8221;15046&#8243; img_size=&#8221;full&#8221; add_caption=&#8221;yes&#8221; alignment=&#8221;center&#8221; style=&#8221;vc_box_shadow_border&#8221; css=&#8221;&#8221;][vc_empty_space][\/vc_column][\/vc_row][vc_row css=&#8221;.vc_custom_1712274895968{background-color: #cecece !important;}&#8221;][vc_column width=&#8221;5\/6&#8243;][vc_empty_space height=&#8221;40px&#8221;][vc_custom_heading text=&#8221;Visiting the rewilding areas&#8221; font_container=&#8221;tag:h3|text_align:left&#8221; use_theme_fonts=&#8221;yes&#8221;][vc_column_text css=&#8221;&#8221;]<span style=\"font-family: arial, helvetica, sans-serif; font-size: 16px;\">For several years now, we have been specialising in the natural heritage of the Greater C\u00f4a Valley and have followed the creation and development of the rewilding areas under the management of Rewilding Portugal, a NGO with which we have a partnership.<\/span><\/p>\n<p><span style=\"font-family: arial, helvetica, sans-serif; font-size: 16px;\">We are qualified and authorised to provide guided tours to these three private reserves, seeking to highlight the rewilding principles, their practical applications and the results &#8211; which are reflected in the increase of local biodiversity.<\/span><\/p>\n<p><span style=\"font-family: arial, helvetica, sans-serif; font-size: 16px;\">For private guided Rewilding tours to one or more of these areas, please contact us. We&#8217;ll be happy to create a tailor-made program just for you. Or check our pre-build multi-day <a href=\"https:\/\/k52mhucbgfd.preview.infomaniak.website\/en\/st_tour\/rewilding-areas-of-the-greater-coa-valley\/\"><strong>tours<\/strong><\/a>, just for the Greater C\u00f4a Valley.&nbsp;<\/span>[\/vc_column_text][vc_btn title=&#8221;email us&#8221; color=&#8221;warning&#8221; link=&#8221;url:https%3A%2F%2Fk52mhucbgfd.preview.infomaniak.website%2Fen%2Fpage-contact-us%2F|title:email%20us|target:_blank&#8221;][\/vc_column][vc_column width=&#8221;1\/6&#8243;][vc_empty_space height=&#8221;40px&#8221;][vc_single_image image=&#8221;13863&#8243; img_size=&#8221;300&#215;257&#8243; alignment=&#8221;right&#8221; css=&#8221;&#8221;][\/vc_column][\/vc_row][vc_row][vc_column][vc_empty_space height=&#8221;30px&#8221;][vc_separator css=&#8221;&#8221;][vc_custom_heading text=&#8221;Photo gallery&#8221; use_theme_fonts=&#8221;yes&#8221; css=&#8221;&#8221;][vc_column_text css=&#8221;&#8221;]<\/p>\n<p>ngg_shortcode_0_placeholder[\/vc_column_text][\/vc_column][\/vc_row]<\/p>\n<\/div>","protected":false},"excerpt":{"rendered":"<p>[vc_row][vc_column][vc_empty_space][vc_column_text css=&#8221;&#8221;] What is Rewilding? Rewilding is a progressive approach to conservation. It\u2019s about letting nature take care of itself, enabling natural processes to shape land and sea, repair damaged ecosystems and restore degraded landscapes. Through rewilding, wildlife\u2019s natural rhythms create wilder, more biodiverse habitats. Rewilding Europe &nbsp; Rewilding is allowing nature the space and [&hellip;]<\/p>\n","protected":false},"author":1,"featured_media":15508,"parent":0,"menu_order":0,"comment_status":"closed","ping_status":"closed","template":"","meta":{"googlesitekit_rrm_CAowx9fADA:productID":"","om_disable_all_campaigns":false,"ngg_post_thumbnail":0,"footnotes":""},"class_list":["post-14854","page","type-page","status-publish","has-post-thumbnail","hentry"],"yoast_head":"<!-- This site is optimized with the Yoast SEO plugin v27.5 - https:\/\/yoast.com\/product\/yoast-seo-wordpress\/ -->\n<title>Rewilding tours in the Greater C\u00f4a Valley<\/title>\n<meta name=\"description\" content=\"Rewilding tours are interpretative guided visits to the rewilding areas of the Greater C\u00f4a Valley in Portugal, by Wildlife Portugal.\" \/>\n<meta name=\"robots\" content=\"index, follow, max-snippet:-1, max-image-preview:large, max-video-preview:-1\" \/>\n<link rel=\"canonical\" href=\"https:\/\/wildlifeportugal.pt\/en\/rewilding-tours\/\" \/>\n<meta property=\"og:locale\" content=\"en_US\" \/>\n<meta property=\"og:type\" content=\"article\" \/>\n<meta property=\"og:title\" content=\"Rewilding tours in the Greater C\u00f4a Valley\" \/>\n<meta property=\"og:description\" content=\"Rewilding tours are interpretative guided visits to the rewilding areas of the Greater C\u00f4a Valley in Portugal, by Wildlife Portugal.\" \/>\n<meta property=\"og:url\" content=\"https:\/\/wildlifeportugal.pt\/en\/rewilding-tours\/\" \/>\n<meta property=\"og:site_name\" content=\"Wildlife Portugal\" \/>\n<meta property=\"article:publisher\" content=\"https:\/\/www.facebook.com\/wildlifeportugal\/\" \/>\n<meta property=\"article:modified_time\" content=\"2025-11-26T17:18:21+00:00\" \/>\n<meta property=\"og:image\" content=\"https:\/\/wildlifeportugal.pt\/wp-content\/uploads\/2023\/02\/FMR2377.jpg\" \/>\n\t<meta property=\"og:image:width\" content=\"1920\" \/>\n\t<meta property=\"og:image:height\" content=\"1275\" \/>\n\t<meta property=\"og:image:type\" content=\"image\/jpeg\" \/>\n<meta name=\"twitter:card\" content=\"summary_large_image\" \/>\n<meta name=\"twitter:site\" content=\"@wildlifept\" \/>\n<meta name=\"twitter:label1\" content=\"Est. reading time\" \/>\n\t<meta name=\"twitter:data1\" content=\"6 minutes\" \/>\n<script type=\"application\/ld+json\" class=\"yoast-schema-graph\">{\"@context\":\"https:\\\/\\\/schema.org\",\"@graph\":[{\"@type\":\"WebPage\",\"@id\":\"https:\\\/\\\/wildlifeportugal.pt\\\/en\\\/rewilding-tours\\\/\",\"url\":\"https:\\\/\\\/wildlifeportugal.pt\\\/en\\\/rewilding-tours\\\/\",\"name\":\"Rewilding tours in the Greater C\u00f4a Valley\",\"isPartOf\":{\"@id\":\"https:\\\/\\\/wildlifeportugal.pt\\\/en\\\/#website\"},\"primaryImageOfPage\":{\"@id\":\"https:\\\/\\\/wildlifeportugal.pt\\\/en\\\/rewilding-tours\\\/#primaryimage\"},\"image\":{\"@id\":\"https:\\\/\\\/wildlifeportugal.pt\\\/en\\\/rewilding-tours\\\/#primaryimage\"},\"thumbnailUrl\":\"https:\\\/\\\/wildlifeportugal.pt\\\/wp-content\\\/uploads\\\/2023\\\/02\\\/FMR2377.jpg\",\"datePublished\":\"2022-04-12T11:55:59+00:00\",\"dateModified\":\"2025-11-26T17:18:21+00:00\",\"description\":\"Rewilding tours are interpretative guided visits to the rewilding areas of the Greater C\u00f4a Valley in Portugal, by Wildlife Portugal.\",\"breadcrumb\":{\"@id\":\"https:\\\/\\\/wildlifeportugal.pt\\\/en\\\/rewilding-tours\\\/#breadcrumb\"},\"inLanguage\":\"en-US\",\"potentialAction\":[{\"@type\":\"ReadAction\",\"target\":[\"https:\\\/\\\/wildlifeportugal.pt\\\/en\\\/rewilding-tours\\\/\"]}]},{\"@type\":\"ImageObject\",\"inLanguage\":\"en-US\",\"@id\":\"https:\\\/\\\/wildlifeportugal.pt\\\/en\\\/rewilding-tours\\\/#primaryimage\",\"url\":\"https:\\\/\\\/wildlifeportugal.pt\\\/wp-content\\\/uploads\\\/2023\\\/02\\\/FMR2377.jpg\",\"contentUrl\":\"https:\\\/\\\/wildlifeportugal.pt\\\/wp-content\\\/uploads\\\/2023\\\/02\\\/FMR2377.jpg\",\"width\":1920,\"height\":1275,\"caption\":\"Vale Carapito\"},{\"@type\":\"BreadcrumbList\",\"@id\":\"https:\\\/\\\/wildlifeportugal.pt\\\/en\\\/rewilding-tours\\\/#breadcrumb\",\"itemListElement\":[{\"@type\":\"ListItem\",\"position\":1,\"name\":\"In\u00edcio\",\"item\":\"https:\\\/\\\/wildlifeportugal.pt\\\/en\\\/\"},{\"@type\":\"ListItem\",\"position\":2,\"name\":\"Rewilding tours\"}]},{\"@type\":\"WebSite\",\"@id\":\"https:\\\/\\\/wildlifeportugal.pt\\\/en\\\/#website\",\"url\":\"https:\\\/\\\/wildlifeportugal.pt\\\/en\\\/\",\"name\":\"Wildlife Portugal\",\"description\":\"Wild Nature Tours\",\"publisher\":{\"@id\":\"https:\\\/\\\/wildlifeportugal.pt\\\/en\\\/#organization\"},\"potentialAction\":[{\"@type\":\"SearchAction\",\"target\":{\"@type\":\"EntryPoint\",\"urlTemplate\":\"https:\\\/\\\/wildlifeportugal.pt\\\/en\\\/?s={search_term_string}\"},\"query-input\":{\"@type\":\"PropertyValueSpecification\",\"valueRequired\":true,\"valueName\":\"search_term_string\"}}],\"inLanguage\":\"en-US\"},{\"@type\":\"Organization\",\"@id\":\"https:\\\/\\\/wildlifeportugal.pt\\\/en\\\/#organization\",\"name\":\"Wildlife Portugal\",\"url\":\"https:\\\/\\\/wildlifeportugal.pt\\\/en\\\/\",\"logo\":{\"@type\":\"ImageObject\",\"inLanguage\":\"en-US\",\"@id\":\"https:\\\/\\\/wildlifeportugal.pt\\\/en\\\/#\\\/schema\\\/logo\\\/image\\\/\",\"url\":\"https:\\\/\\\/k52mhucbgfd.preview.infomaniak.website\\\/wp-content\\\/uploads\\\/2025\\\/10\\\/Sem-Titulo-1.jpg\",\"contentUrl\":\"https:\\\/\\\/k52mhucbgfd.preview.infomaniak.website\\\/wp-content\\\/uploads\\\/2025\\\/10\\\/Sem-Titulo-1.jpg\",\"width\":600,\"height\":600,\"caption\":\"Wildlife Portugal\"},\"image\":{\"@id\":\"https:\\\/\\\/wildlifeportugal.pt\\\/en\\\/#\\\/schema\\\/logo\\\/image\\\/\"},\"sameAs\":[\"https:\\\/\\\/www.facebook.com\\\/wildlifeportugal\\\/\",\"https:\\\/\\\/x.com\\\/wildlifept\",\"https:\\\/\\\/www.instagram.com\\\/wildlifeportugal\\\/\",\"https:\\\/\\\/www.linkedin.com\\\/in\\\/wildlife-portugal-69569b136\\\/\",\"https:\\\/\\\/pt.pinterest.com\\\/wildlifept\\\/\",\"https:\\\/\\\/www.youtube.com\\\/channel\\\/UCdJIIGehM2uT9WloHyUwmyQ\"]}]}<\/script>\n<!-- \/ Yoast SEO plugin. -->","yoast_head_json":{"title":"Rewilding tours in the Greater C\u00f4a Valley","description":"Rewilding tours are interpretative guided visits to the rewilding areas of the Greater C\u00f4a Valley in Portugal, by Wildlife Portugal.","robots":{"index":"index","follow":"follow","max-snippet":"max-snippet:-1","max-image-preview":"max-image-preview:large","max-video-preview":"max-video-preview:-1"},"canonical":"https:\/\/wildlifeportugal.pt\/en\/rewilding-tours\/","og_locale":"en_US","og_type":"article","og_title":"Rewilding tours in the Greater C\u00f4a Valley","og_description":"Rewilding tours are interpretative guided visits to the rewilding areas of the Greater C\u00f4a Valley in Portugal, by Wildlife Portugal.","og_url":"https:\/\/wildlifeportugal.pt\/en\/rewilding-tours\/","og_site_name":"Wildlife Portugal","article_publisher":"https:\/\/www.facebook.com\/wildlifeportugal\/","article_modified_time":"2025-11-26T17:18:21+00:00","og_image":[{"width":1920,"height":1275,"url":"https:\/\/wildlifeportugal.pt\/wp-content\/uploads\/2023\/02\/FMR2377.jpg","type":"image\/jpeg"}],"twitter_card":"summary_large_image","twitter_site":"@wildlifept","twitter_misc":{"Est. reading time":"6 minutes"},"schema":{"@context":"https:\/\/schema.org","@graph":[{"@type":"WebPage","@id":"https:\/\/wildlifeportugal.pt\/en\/rewilding-tours\/","url":"https:\/\/wildlifeportugal.pt\/en\/rewilding-tours\/","name":"Rewilding tours in the Greater C\u00f4a Valley","isPartOf":{"@id":"https:\/\/wildlifeportugal.pt\/en\/#website"},"primaryImageOfPage":{"@id":"https:\/\/wildlifeportugal.pt\/en\/rewilding-tours\/#primaryimage"},"image":{"@id":"https:\/\/wildlifeportugal.pt\/en\/rewilding-tours\/#primaryimage"},"thumbnailUrl":"https:\/\/wildlifeportugal.pt\/wp-content\/uploads\/2023\/02\/FMR2377.jpg","datePublished":"2022-04-12T11:55:59+00:00","dateModified":"2025-11-26T17:18:21+00:00","description":"Rewilding tours are interpretative guided visits to the rewilding areas of the Greater C\u00f4a Valley in Portugal, by Wildlife Portugal.","breadcrumb":{"@id":"https:\/\/wildlifeportugal.pt\/en\/rewilding-tours\/#breadcrumb"},"inLanguage":"en-US","potentialAction":[{"@type":"ReadAction","target":["https:\/\/wildlifeportugal.pt\/en\/rewilding-tours\/"]}]},{"@type":"ImageObject","inLanguage":"en-US","@id":"https:\/\/wildlifeportugal.pt\/en\/rewilding-tours\/#primaryimage","url":"https:\/\/wildlifeportugal.pt\/wp-content\/uploads\/2023\/02\/FMR2377.jpg","contentUrl":"https:\/\/wildlifeportugal.pt\/wp-content\/uploads\/2023\/02\/FMR2377.jpg","width":1920,"height":1275,"caption":"Vale Carapito"},{"@type":"BreadcrumbList","@id":"https:\/\/wildlifeportugal.pt\/en\/rewilding-tours\/#breadcrumb","itemListElement":[{"@type":"ListItem","position":1,"name":"In\u00edcio","item":"https:\/\/wildlifeportugal.pt\/en\/"},{"@type":"ListItem","position":2,"name":"Rewilding tours"}]},{"@type":"WebSite","@id":"https:\/\/wildlifeportugal.pt\/en\/#website","url":"https:\/\/wildlifeportugal.pt\/en\/","name":"Wildlife Portugal","description":"Wild Nature Tours","publisher":{"@id":"https:\/\/wildlifeportugal.pt\/en\/#organization"},"potentialAction":[{"@type":"SearchAction","target":{"@type":"EntryPoint","urlTemplate":"https:\/\/wildlifeportugal.pt\/en\/?s={search_term_string}"},"query-input":{"@type":"PropertyValueSpecification","valueRequired":true,"valueName":"search_term_string"}}],"inLanguage":"en-US"},{"@type":"Organization","@id":"https:\/\/wildlifeportugal.pt\/en\/#organization","name":"Wildlife Portugal","url":"https:\/\/wildlifeportugal.pt\/en\/","logo":{"@type":"ImageObject","inLanguage":"en-US","@id":"https:\/\/wildlifeportugal.pt\/en\/#\/schema\/logo\/image\/","url":"https:\/\/k52mhucbgfd.preview.infomaniak.website\/wp-content\/uploads\/2025\/10\/Sem-Titulo-1.jpg","contentUrl":"https:\/\/k52mhucbgfd.preview.infomaniak.website\/wp-content\/uploads\/2025\/10\/Sem-Titulo-1.jpg","width":600,"height":600,"caption":"Wildlife Portugal"},"image":{"@id":"https:\/\/wildlifeportugal.pt\/en\/#\/schema\/logo\/image\/"},"sameAs":["https:\/\/www.facebook.com\/wildlifeportugal\/","https:\/\/x.com\/wildlifept","https:\/\/www.instagram.com\/wildlifeportugal\/","https:\/\/www.linkedin.com\/in\/wildlife-portugal-69569b136\/","https:\/\/pt.pinterest.com\/wildlifept\/","https:\/\/www.youtube.com\/channel\/UCdJIIGehM2uT9WloHyUwmyQ"]}]}},"_links":{"self":[{"href":"https:\/\/wildlifeportugal.pt\/en\/wp-json\/wp\/v2\/pages\/14854","targetHints":{"allow":["GET"]}}],"collection":[{"href":"https:\/\/wildlifeportugal.pt\/en\/wp-json\/wp\/v2\/pages"}],"about":[{"href":"https:\/\/wildlifeportugal.pt\/en\/wp-json\/wp\/v2\/types\/page"}],"author":[{"embeddable":true,"href":"https:\/\/wildlifeportugal.pt\/en\/wp-json\/wp\/v2\/users\/1"}],"replies":[{"embeddable":true,"href":"https:\/\/wildlifeportugal.pt\/en\/wp-json\/wp\/v2\/comments?post=14854"}],"version-history":[{"count":60,"href":"https:\/\/wildlifeportugal.pt\/en\/wp-json\/wp\/v2\/pages\/14854\/revisions"}],"predecessor-version":[{"id":19901,"href":"https:\/\/wildlifeportugal.pt\/en\/wp-json\/wp\/v2\/pages\/14854\/revisions\/19901"}],"wp:featuredmedia":[{"embeddable":true,"href":"https:\/\/wildlifeportugal.pt\/en\/wp-json\/wp\/v2\/media\/15508"}],"wp:attachment":[{"href":"https:\/\/wildlifeportugal.pt\/en\/wp-json\/wp\/v2\/media?parent=14854"}],"curies":[{"name":"wp","href":"https:\/\/api.w.org\/{rel}","templated":true}]}}